{"id":108,"date":"2021-06-14T08:15:51","date_gmt":"2021-06-14T07:15:51","guid":{"rendered":"https:\/\/modsim-pharma.com\/?page_id=108"},"modified":"2021-09-28T09:45:53","modified_gmt":"2021-09-28T08:45:53","slug":"targets","status":"publish","type":"page","link":"https:\/\/modsim-pharma.com\/index.php\/targets\/","title":{"rendered":"Targets"},"content":{"rendered":"\n<div class=\"wp-block-columns is-layout-flex wp-container-core-columns-is-layout-9d6595d7 wp-block-columns-is-layout-flex\">\n<div class=\"wp-block-column is-vertically-aligned-center is-layout-flow wp-block-column-is-layout-flow\" style=\"flex-basis:200%\">\n<p><em>QligFEP has been used on different targets, examples can be found in the publications below.<\/em><\/p>\n<\/div>\n\n\n\n<div class=\"wp-block-column is-layout-flow wp-block-column-is-layout-flow\" style=\"flex-basis:33.33%\">\n<figure class=\"wp-block-image size-large\"><img loading=\"lazy\" decoding=\"async\" width=\"435\" height=\"434\" src=\"https:\/\/modsim-pharma.com\/wp-content\/uploads\/2021\/09\/targets-HR-crop.png\" alt=\"\" class=\"wp-image-783\" srcset=\"https:\/\/modsim-pharma.com\/wp-content\/uploads\/2021\/09\/targets-HR-crop.png 435w, https:\/\/modsim-pharma.com\/wp-content\/uploads\/2021\/09\/targets-HR-crop-300x300.png 300w, https:\/\/modsim-pharma.com\/wp-content\/uploads\/2021\/09\/targets-HR-crop-150x150.png 150w\" sizes=\"auto, (max-width: 435px) 100vw, 435px\" \/><\/figure>\n<\/div>\n<\/div>\n\n\n\n<div class=\"wp-block-columns is-layout-flex wp-container-core-columns-is-layout-9d6595d7 wp-block-columns-is-layout-flex\">\n<div class=\"wp-block-column is-layout-flow wp-block-column-is-layout-flow\">\n<p id=\"block-541f7319-09dc-401c-92c1-c2f77a864a2a\"><strong>GPCR: Adenosine A<sub>2A<\/sub> Receptor<\/strong><\/p>\n\n\n\n<p id=\"block-541f7319-09dc-401c-92c1-c2f77a864a2a\"><a rel=\"noreferrer noopener\" href=\"https:\/\/onlinelibrary.wiley.com\/doi\/abs\/10.1002\/anie.202003788\" target=\"_blank\">X\u2010Ray Crystallography and Free Energy Calculations Reveal the Binding Mechanism of A<sub>2A<\/sub>&nbsp;Adenosine Receptor Antagonists<\/a><br>W. Jespers, G. Verdon, J. Azuaje, M. Majellaro, H. Ker\u00e4nen, X. Garc\u00eda\u2010Mera, M. Congreve, F. Deflorian, C. de Graaf, A. Zhukov, A.S. Dor\u00e9, J.S. Mason, J. \u00c5qvist, R.M. Cooke, E. Sotelo, H. Guti\u00e9rrez\u2010de\u2010Ter\u00e1n, <em>Angewandte Chemie International Edition <\/em><strong>2020<\/strong>, <em>59<\/em> (38), 16536-16543.<\/p>\n<\/div>\n\n\n\n<div class=\"wp-block-column is-layout-flow wp-block-column-is-layout-flow\">\n<figure class=\"wp-block-image size-large\"><img loading=\"lazy\" decoding=\"async\" width=\"975\" height=\"522\" src=\"https:\/\/modsim-pharma.com\/wp-content\/uploads\/2021\/09\/TOC.png\" alt=\"\" class=\"wp-image-683\" srcset=\"https:\/\/modsim-pharma.com\/wp-content\/uploads\/2021\/09\/TOC.png 975w, https:\/\/modsim-pharma.com\/wp-content\/uploads\/2021\/09\/TOC-300x161.png 300w, https:\/\/modsim-pharma.com\/wp-content\/uploads\/2021\/09\/TOC-768x411.png 768w\" sizes=\"auto, (max-width: 975px) 100vw, 975px\" \/><figcaption>In this project with Sosei-Heptares, our engines QligFEP and QresFEP were integrated with their Biophysical mapping (BMP) technology and X-ray crystallography, to assess on the design of new A<sub>2A<\/sub> antagonists synthesized by the Sotelo lab at USC.<\/figcaption><\/figure>\n\n\n\n<p><\/p>\n<\/div>\n<\/div>\n\n\n\n<div class=\"wp-block-columns is-layout-flex wp-container-core-columns-is-layout-9d6595d7 wp-block-columns-is-layout-flex\">\n<div class=\"wp-block-column is-layout-flow wp-block-column-is-layout-flow\">\n<p><strong>GPCR: Adenosine A<sub>2B<\/sub> Receptor<\/strong><\/p>\n\n\n\n<p><a rel=\"noreferrer noopener\" href=\"https:\/\/pubs.acs.org\/doi\/abs\/10.1021\/acs.jmedchem.0c01431\" target=\"_blank\">3,4-Dihydropyrimidin-2(1<em>H<\/em>)-ones as Antagonists of the Human A<sub>2B<\/sub>&nbsp;Adenosine Receptor: Optimization, Structure\u2013Activity Relationship Studies, and&nbsp;Enantiospecific recognition<\/a><br>M. Majellaro, W. Jespers, A. Crespo, M.J. N\u00fa\u00f1ez, S. Novio, J. Azuaje, R. Prieto-D\u00edaz, C. Gio\u00e9, B. Alispahic, J. Brea, M.I. Loza, M. Freire-Garabal, C. Garcia-Santiago, C. Rodr\u00edguez-Garc\u00eda, X. Garc\u00eda-Mera, O. Caama\u00f1o, C. Fernandez-Masaguer, J.F. Sardina, A. Stefanachi, A. El Maatougui, A. Mallo-Abreu, J. \u00c5qvist, H. Guti\u00e9rrez-de-Ter\u00e1n, E. Sotelo, <em>Journal of Medicinal Chemistry<\/em> <strong>2021<\/strong>, <em>64<\/em> (1), 458\u2013480. <\/p>\n<\/div>\n\n\n\n<div class=\"wp-block-column is-layout-flow wp-block-column-is-layout-flow\">\n<figure class=\"wp-block-image size-large\"><img loading=\"lazy\" decoding=\"async\" width=\"1024\" height=\"276\" src=\"https:\/\/modsim-pharma.com\/wp-content\/uploads\/2021\/09\/Screenshot-2021-09-01-at-11.15.40-1024x276.png\" alt=\"\" class=\"wp-image-684\" srcset=\"https:\/\/modsim-pharma.com\/wp-content\/uploads\/2021\/09\/Screenshot-2021-09-01-at-11.15.40-1024x276.png 1024w, https:\/\/modsim-pharma.com\/wp-content\/uploads\/2021\/09\/Screenshot-2021-09-01-at-11.15.40-300x81.png 300w, https:\/\/modsim-pharma.com\/wp-content\/uploads\/2021\/09\/Screenshot-2021-09-01-at-11.15.40-768x207.png 768w, https:\/\/modsim-pharma.com\/wp-content\/uploads\/2021\/09\/Screenshot-2021-09-01-at-11.15.40-1536x415.png 1536w, https:\/\/modsim-pharma.com\/wp-content\/uploads\/2021\/09\/Screenshot-2021-09-01-at-11.15.40-2048x553.png 2048w\" sizes=\"auto, (max-width: 1024px) 100vw, 1024px\" \/><figcaption>As part of a long-term established collaboration with the Sotelo ComBioMed lab at USC, we designed and analyzed a large library of 3,4-dihydropyrimidin-2(1<em>H<\/em>)-ones as A<sub>2B<\/sub>AR antagonists, an emerging strategy in cancer (immuno) therapy. For this, we performed one of the most exhaustive free energy perturbation (FEP) studies on a GPCR. As a result, a number of potent, selective and stereospecific A2B antagonists were reported, including results on <em>in vitro<\/em> experiments in three prostate cancer cells that evidenced that they exhibit a pronounced anti-metastatic effect.<\/figcaption><\/figure>\n\n\n\n<p><\/p>\n<\/div>\n<\/div>\n\n\n\n<div class=\"wp-block-columns is-layout-flex wp-container-core-columns-is-layout-9d6595d7 wp-block-columns-is-layout-flex\">\n<div class=\"wp-block-column is-layout-flow wp-block-column-is-layout-flow\">\n<p><strong>GPCR: Adenosine A<sub>3<\/sub> Receptor<\/strong><\/p>\n\n\n\n<p><a rel=\"noreferrer noopener\" href=\"https:\/\/pubs.acs.org\/doi\/abs\/10.1021\/acs.jmedchem.7b00860\" target=\"_blank\">Effect of Nitrogen Atom Substitution in A3 Adenosine Receptor Binding: N -(4,6-<br>Diarylpyridin-2-yl)acetamides as Potent and Selective Antagonists<\/a><br>J. Azuaje, W. Jespers, V. Yaziji, A. Mallo, M. Majellaro, O. Caama\u00f1o, M.I. Loza, M.I. Cadavid, J. Brea, J. \u00c5qvist, E. Sotelo, H. Guti\u00e9rrez-de-Ter\u00e1n, <em>Journal of Medicinal Chemistry<\/em> <strong>2017<\/strong>, <em>60<\/em> (17), 7502-7511.<\/p>\n<\/div>\n\n\n\n<div class=\"wp-block-column is-layout-flow wp-block-column-is-layout-flow\">\n<figure class=\"wp-block-image size-large\"><img loading=\"lazy\" decoding=\"async\" width=\"595\" height=\"156\" src=\"https:\/\/modsim-pharma.com\/wp-content\/uploads\/2021\/09\/TOC_2.png\" alt=\"\" class=\"wp-image-685\" srcset=\"https:\/\/modsim-pharma.com\/wp-content\/uploads\/2021\/09\/TOC_2.png 595w, https:\/\/modsim-pharma.com\/wp-content\/uploads\/2021\/09\/TOC_2-300x79.png 300w\" sizes=\"auto, (max-width: 595px) 100vw, 595px\" \/><figcaption>The computer-assisted design of the first family of 2-acetamidopyridines as potent and selective adenosine A<sub>3<\/sub> receptor antagonists, was focused on the bioisosteric replacement of the N1 atom by a CH group in a previous series of diarylpyrimidines. In this study we showed how MD and FEP simulations allowed to elucidate the effect of the second nitrogen of the parent diarylpyrimidines, which was revealed as a stabilizer of a water network in the binding site.<\/figcaption><\/figure>\n<\/div>\n<\/div>\n\n\n\n<div class=\"wp-block-columns is-layout-flex wp-container-core-columns-is-layout-9d6595d7 wp-block-columns-is-layout-flex\">\n<div class=\"wp-block-column is-layout-flow wp-block-column-is-layout-flow\">\n<p><strong>Kinase: Human epidermal growth factor receptor 2 (HER2)<\/strong><\/p>\n\n\n\n<p><a rel=\"noreferrer noopener\" href=\"https:\/\/www.tandfonline.com\/doi\/full\/10.1080\/14756366.2021.1948841\" target=\"_blank\">Design, synthesis, HER2 inhibition and anticancer evaluation of new substituted 1,5-dihydro-4,1-benzoxazepines<\/a><br>O. Cruz-L\u00f3pez, M. Ner, F. Ner\u00edn-Fonz, Y. Jim\u00e9nez-Mart\u00ednez, D. Araripe, J. A. Marchal, H. Boulaiz, H. Guti\u00e9rrez-de-Ter\u00e1n, J. M. Campos, A. Conejo-Garc\u00eda, <em>Journal of Enzyme Inhibition and Medicinal Chemistry<\/em> <strong>2021<\/strong>, <em>36<\/em> (1), 1553\u20131563. <\/p>\n<\/div>\n\n\n\n<div class=\"wp-block-column is-layout-flow wp-block-column-is-layout-flow\">\n<figure class=\"wp-block-image size-large\"><img loading=\"lazy\" decoding=\"async\" width=\"500\" height=\"346\" src=\"https:\/\/modsim-pharma.com\/wp-content\/uploads\/2021\/09\/TOC.jpg\" alt=\"\" class=\"wp-image-693\" srcset=\"https:\/\/modsim-pharma.com\/wp-content\/uploads\/2021\/09\/TOC.jpg 500w, https:\/\/modsim-pharma.com\/wp-content\/uploads\/2021\/09\/TOC-300x208.jpg 300w\" sizes=\"auto, (max-width: 500px) 100vw, 500px\" \/><figcaption>QligFEP was used to study the influence of methylation, the bioisosteric replacement of the purine by benzotriazole , and the introduction of a bulky substituent at position 6 of the purine, on the inhibition against HER2 of a series of benzoxazepine derivatives. The most potent compounds against isolated HER2 inhibit cell proliferation or promote pyroptosis, showing their interest in cancer therapies.<\/figcaption><\/figure>\n\n\n\n<p><\/p>\n<\/div>\n<\/div>\n\n\n\n<div class=\"wp-block-columns is-layout-flex wp-container-core-columns-is-layout-9d6595d7 wp-block-columns-is-layout-flex\">\n<div class=\"wp-block-column is-layout-flow wp-block-column-is-layout-flow\">\n<p><strong>NNMT: Nicotinamide <em>N<\/em>-Methyltransferase<\/strong><\/p>\n\n\n\n<p><a rel=\"noreferrer noopener\" href=\"https:\/\/pubs.acs.org\/doi\/abs\/10.1021\/acs.jmedchem.1c01094\" target=\"_blank\">Potent Inhibition of Nicotinamide <em>N<\/em>-Methyltransferase by Alkene-Linked Bisubstrate Mimics Bearing Electron Deficient Aromatics<\/a>.<br>Y. Gao, M. J. van Haren, N. Buijs, P. Innocenti, Y. Zhang, D. Sartini, R. Campagna, M. Emanuelli, R. B. Parsons, W. Jespers, H. Guti\u00e9rrez-de-Ter\u00e1n, G. J. P. van Westen, N. I. Martin, <em>Journal of Medicinal Chemistry<\/em> <strong>2021<\/strong>, <em>64<\/em> (17), 12938\u201312963.<\/p>\n<\/div>\n\n\n\n<div class=\"wp-block-column is-layout-flow wp-block-column-is-layout-flow\">\n<figure class=\"wp-block-image size-large\"><img loading=\"lazy\" decoding=\"async\" width=\"500\" height=\"492\" src=\"https:\/\/modsim-pharma.com\/wp-content\/uploads\/2021\/09\/modeling-NNMT.gif\" alt=\"\" class=\"wp-image-696\"\/><figcaption>Modeling of Alkene-Linked Bisubstrate Mimics bearing the <em>ortho<\/em>-, <em>meta<\/em>-, and <em>para<\/em>-cyano substituents in the active site of NNMT. The FEP indicates the strong hydrogen bonding of the most potent <em>para<\/em>-cyano compound with two serine residues, absent in the other derivatives.<\/figcaption><\/figure>\n<\/div>\n<\/div>\n","protected":false},"excerpt":{"rendered":"<p>QligFEP has been used on different targets, examples can be found in the publications below. GPCR: Adenosine A2A Receptor X\u2010Ray Crystallography and Free Energy Calculations Reveal the Binding Mechanism of A2A&nbsp;Adenosine Receptor AntagonistsW. Jespers, G. Verdon, J. Azuaje, M. Majellaro, H. Ker\u00e4nen, X. Garc\u00eda\u2010Mera, M. Congreve, F. Deflorian, C. de Graaf, A. Zhukov, A.S. Dor\u00e9,&hellip;&nbsp;<a href=\"https:\/\/modsim-pharma.com\/index.php\/targets\/\" rel=\"bookmark\">Read More &raquo;<span class=\"screen-reader-text\">Targets<\/span><\/a><\/p>\n","protected":false},"author":1,"featured_media":0,"parent":0,"menu_order":0,"comment_status":"closed","ping_status":"closed","template":"","meta":{"neve_meta_sidebar":"","neve_meta_container":"","neve_meta_enable_content_width":"","neve_meta_content_width":0,"neve_meta_title_alignment":"","neve_meta_author_avatar":"","neve_post_elements_order":"","neve_meta_disable_header":"","neve_meta_disable_footer":"","neve_meta_disable_title":"","footnotes":""},"class_list":["post-108","page","type-page","status-publish","hentry"],"_links":{"self":[{"href":"https:\/\/modsim-pharma.com\/index.php\/wp-json\/wp\/v2\/pages\/108","targetHints":{"allow":["GET"]}}],"collection":[{"href":"https:\/\/modsim-pharma.com\/index.php\/wp-json\/wp\/v2\/pages"}],"about":[{"href":"https:\/\/modsim-pharma.com\/index.php\/wp-json\/wp\/v2\/types\/page"}],"author":[{"embeddable":true,"href":"https:\/\/modsim-pharma.com\/index.php\/wp-json\/wp\/v2\/users\/1"}],"replies":[{"embeddable":true,"href":"https:\/\/modsim-pharma.com\/index.php\/wp-json\/wp\/v2\/comments?post=108"}],"version-history":[{"count":16,"href":"https:\/\/modsim-pharma.com\/index.php\/wp-json\/wp\/v2\/pages\/108\/revisions"}],"predecessor-version":[{"id":785,"href":"https:\/\/modsim-pharma.com\/index.php\/wp-json\/wp\/v2\/pages\/108\/revisions\/785"}],"wp:attachment":[{"href":"https:\/\/modsim-pharma.com\/index.php\/wp-json\/wp\/v2\/media?parent=108"}],"curies":[{"name":"wp","href":"https:\/\/api.w.org\/{rel}","templated":true}]}}